{"id":500,"date":"2016-06-09T09:07:07","date_gmt":"2016-06-09T07:07:07","guid":{"rendered":"http:\/\/www.rueckenwind-in-wiesbaden.de\/?page_id=500"},"modified":"2025-10-19T19:28:57","modified_gmt":"2025-10-19T17:28:57","slug":"rueckenwind-im-kulturpark","status":"publish","type":"page","link":"http:\/\/www.rueckenwind-in-wiesbaden.de\/index.php\/rueckenwind-im-kulturpark\/","title":{"rendered":"R\u00fcckenwind im Kulturpark"},"content":{"rendered":"<h1>R\u00fcckenwind im Kulturpark<\/h1>\n<p><span style=\"font-size: 15px;\">Die offene Werkstatt in unserem Container am Schlachthof ist jeweils Freitags von 15:00 bis 18:00 Uhr besetzt (Ausnahmen werden durch Aush\u00e4nge vor Ort bekannt gegeben). Jede*r ist herzlich eingeladen, vorbeizuschauen und mitzumachen.<\/span><\/p>\n<hr \/>\n<p><span style=\"font-size: 15px;\">Der R\u00fcckenwind-Container wurde im M\u00e4rz 2017 an seinen Standort auf die Wiese vor dem Schlachthof\u00a0 gestellt (Fotos dazu siehe unten). <\/span><\/p>\n<p><span style=\"font-size: 15px;\">Die regelm\u00e4\u00dfigen Werkstatttermine jeweils freitags zwischen 15 und 18 Uhr sind stark besucht: Witterungsabh\u00e4ngig kommen in der Regel zwischen 10 und 25 Menschen, die von den ehrenamtlichen Schrauber*innen von R\u00fcckenwind fachm\u00e4nnisch unterst\u00fctzt und angeleitet werden. Auf diese Weise konnten in den letzten Jahren etwa 5000 Fahrradwartungen\/Reparaturen gemeinsam mit Gefl\u00fcchteten und anderen Interessierten durchgef\u00fchrt werden. Repariert werden mitgebrachte Fahrr\u00e4der, aber auch Spendenr\u00e4der, die vor Ort mit Gefl\u00fcchteten instand gesetzt und weiterverschenkt werden. Au\u00dfer f\u00fcr Reparaturen ist der Container w\u00e4hrend des gesamten Projektzeitraums eine beliebte Anlauf- und Kommunikationsstelle f\u00fcr ein buntes Publikum aller Altersklassen.<\/span><\/p>\n<p><a href=\"http:\/\/www.rueckenwind-in-wiesbaden.de\/wp-content\/uploads\/2016\/06\/IMG_0258.jpg\"><img decoding=\"async\" loading=\"lazy\" class=\"aligncenter size-large wp-image-713\" src=\"http:\/\/www.rueckenwind-in-wiesbaden.de\/wp-content\/uploads\/2016\/06\/IMG_0258-1024x768.jpg\" alt=\"IMG_0258\" width=\"1024\" height=\"768\" srcset=\"http:\/\/www.rueckenwind-in-wiesbaden.de\/wp-content\/uploads\/2016\/06\/IMG_0258-1024x768.jpg 1024w, http:\/\/www.rueckenwind-in-wiesbaden.de\/wp-content\/uploads\/2016\/06\/IMG_0258-300x225.jpg 300w, http:\/\/www.rueckenwind-in-wiesbaden.de\/wp-content\/uploads\/2016\/06\/IMG_0258-2000x1500.jpg 2000w, http:\/\/www.rueckenwind-in-wiesbaden.de\/wp-content\/uploads\/2016\/06\/IMG_0258-192x144.jpg 192w\" sizes=\"(max-width: 1024px) 100vw, 1024px\" \/><\/a><\/p>\n<hr \/>\n<p><b>Lageplan im Kulturpark<\/b><\/p>\n<p><a href=\"http:\/\/www.rueckenwind-in-wiesbaden.de\/wp-content\/uploads\/2017\/04\/lageplan-schlachthof.jpg\"><img decoding=\"async\" loading=\"lazy\" class=\"aligncenter size-full wp-image-676\" src=\"http:\/\/www.rueckenwind-in-wiesbaden.de\/wp-content\/uploads\/2017\/04\/lageplan-schlachthof.jpg\" alt=\"Lageplan RiK\" width=\"745\" height=\"720\" srcset=\"http:\/\/www.rueckenwind-in-wiesbaden.de\/wp-content\/uploads\/2017\/04\/lageplan-schlachthof.jpg 745w, http:\/\/www.rueckenwind-in-wiesbaden.de\/wp-content\/uploads\/2017\/04\/lageplan-schlachthof-300x290.jpg 300w, http:\/\/www.rueckenwind-in-wiesbaden.de\/wp-content\/uploads\/2017\/04\/lageplan-schlachthof-192x186.jpg 192w\" sizes=\"(max-width: 745px) 100vw, 745px\" \/><\/a><\/p>\n<hr \/>\n<p><strong><span style=\"font-size: 15px;\">Bilderstrecke vom Aufstellen des Containers 2016:<\/span><\/strong><\/p>\n<p><a href=\"http:\/\/www.rueckenwind-in-wiesbaden.de\/wp-content\/uploads\/2016\/06\/container1.jpg\"><img decoding=\"async\" loading=\"lazy\" class=\"aligncenter size-large wp-image-523\" src=\"http:\/\/www.rueckenwind-in-wiesbaden.de\/wp-content\/uploads\/2016\/06\/container1-1024x690.jpg\" alt=\"container1\" width=\"1024\" height=\"690\" srcset=\"http:\/\/www.rueckenwind-in-wiesbaden.de\/wp-content\/uploads\/2016\/06\/container1-1024x690.jpg 1024w, http:\/\/www.rueckenwind-in-wiesbaden.de\/wp-content\/uploads\/2016\/06\/container1-300x202.jpg 300w, http:\/\/www.rueckenwind-in-wiesbaden.de\/wp-content\/uploads\/2016\/06\/container1-192x129.jpg 192w\" sizes=\"(max-width: 1024px) 100vw, 1024px\" \/><\/a><a href=\"http:\/\/www.rueckenwind-in-wiesbaden.de\/wp-content\/uploads\/2016\/06\/container3.jpg\"><img decoding=\"async\" loading=\"lazy\" class=\"aligncenter size-large wp-image-519\" src=\"http:\/\/www.rueckenwind-in-wiesbaden.de\/wp-content\/uploads\/2016\/06\/container3-1024x810.jpg\" alt=\"container3\" width=\"1024\" height=\"810\" srcset=\"http:\/\/www.rueckenwind-in-wiesbaden.de\/wp-content\/uploads\/2016\/06\/container3-1024x810.jpg 1024w, http:\/\/www.rueckenwind-in-wiesbaden.de\/wp-content\/uploads\/2016\/06\/container3-300x237.jpg 300w, http:\/\/www.rueckenwind-in-wiesbaden.de\/wp-content\/uploads\/2016\/06\/container3-192x152.jpg 192w\" sizes=\"(max-width: 1024px) 100vw, 1024px\" \/><\/a><a href=\"http:\/\/www.rueckenwind-in-wiesbaden.de\/wp-content\/uploads\/2016\/06\/container4.jpg\"><img decoding=\"async\" loading=\"lazy\" class=\"aligncenter size-large wp-image-521\" src=\"http:\/\/www.rueckenwind-in-wiesbaden.de\/wp-content\/uploads\/2016\/06\/container4-1024x768.jpg\" alt=\"Container\" width=\"1024\" height=\"768\" srcset=\"http:\/\/www.rueckenwind-in-wiesbaden.de\/wp-content\/uploads\/2016\/06\/container4-1024x768.jpg 1024w, http:\/\/www.rueckenwind-in-wiesbaden.de\/wp-content\/uploads\/2016\/06\/container4-300x225.jpg 300w, http:\/\/www.rueckenwind-in-wiesbaden.de\/wp-content\/uploads\/2016\/06\/container4-2000x1500.jpg 2000w, http:\/\/www.rueckenwind-in-wiesbaden.de\/wp-content\/uploads\/2016\/06\/container4-192x144.jpg 192w\" sizes=\"(max-width: 1024px) 100vw, 1024px\" \/><\/a><a href=\"http:\/\/www.rueckenwind-in-wiesbaden.de\/wp-content\/uploads\/2016\/08\/image.jpeg\"><img decoding=\"async\" loading=\"lazy\" class=\"aligncenter size-large wp-image-627\" src=\"http:\/\/www.rueckenwind-in-wiesbaden.de\/wp-content\/uploads\/2016\/08\/image-1024x768.jpeg\" alt=\"image\" width=\"1024\" height=\"768\" srcset=\"http:\/\/www.rueckenwind-in-wiesbaden.de\/wp-content\/uploads\/2016\/08\/image-1024x768.jpeg 1024w, http:\/\/www.rueckenwind-in-wiesbaden.de\/wp-content\/uploads\/2016\/08\/image-300x225.jpeg 300w, http:\/\/www.rueckenwind-in-wiesbaden.de\/wp-content\/uploads\/2016\/08\/image-2000x1500.jpeg 2000w, http:\/\/www.rueckenwind-in-wiesbaden.de\/wp-content\/uploads\/2016\/08\/image-192x144.jpeg 192w\" sizes=\"(max-width: 1024px) 100vw, 1024px\" \/><\/a><\/p>\n","protected":false},"excerpt":{"rendered":"<p>R\u00fcckenwind im Kulturpark Die offene Werkstatt in unserem Container am Schlachthof ist jeweils Freitags von 15:00 bis 18:00 Uhr besetzt (Ausnahmen werden durch Aush\u00e4nge vor Ort bekannt gegeben). Jede*r ist herzlich eingeladen, vorbeizuschauen und mitzumachen. Der R\u00fcckenwind-Container wurde im M\u00e4rz 2017 an seinen Standort auf die Wiese vor dem Schlachthof\u00a0 gestellt (Fotos dazu siehe unten). &hellip; <a href=\"http:\/\/www.rueckenwind-in-wiesbaden.de\/index.php\/rueckenwind-im-kulturpark\/\" class=\"more-link\"><span class=\"screen-reader-text\">R\u00fcckenwind im Kulturpark<\/span> weiterlesen<\/a><\/p>\n","protected":false},"author":1,"featured_media":627,"parent":0,"menu_order":0,"comment_status":"closed","ping_status":"open","template":"","meta":[],"_links":{"self":[{"href":"http:\/\/www.rueckenwind-in-wiesbaden.de\/index.php\/wp-json\/wp\/v2\/pages\/500"}],"collection":[{"href":"http:\/\/www.rueckenwind-in-wiesbaden.de\/index.php\/wp-json\/wp\/v2\/pages"}],"about":[{"href":"http:\/\/www.rueckenwind-in-wiesbaden.de\/index.php\/wp-json\/wp\/v2\/types\/page"}],"author":[{"embeddable":true,"href":"http:\/\/www.rueckenwind-in-wiesbaden.de\/index.php\/wp-json\/wp\/v2\/users\/1"}],"replies":[{"embeddable":true,"href":"http:\/\/www.rueckenwind-in-wiesbaden.de\/index.php\/wp-json\/wp\/v2\/comments?post=500"}],"version-history":[{"count":113,"href":"http:\/\/www.rueckenwind-in-wiesbaden.de\/index.php\/wp-json\/wp\/v2\/pages\/500\/revisions"}],"predecessor-version":[{"id":1060,"href":"http:\/\/www.rueckenwind-in-wiesbaden.de\/index.php\/wp-json\/wp\/v2\/pages\/500\/revisions\/1060"}],"wp:featuredmedia":[{"embeddable":true,"href":"http:\/\/www.rueckenwind-in-wiesbaden.de\/index.php\/wp-json\/wp\/v2\/media\/627"}],"wp:attachment":[{"href":"http:\/\/www.rueckenwind-in-wiesbaden.de\/index.php\/wp-json\/wp\/v2\/media?parent=500"}],"curies":[{"name":"wp","href":"https:\/\/api.w.org\/{rel}","templated":true}]}}