{"id":17,"date":"2015-07-12T16:40:41","date_gmt":"2015-07-12T14:40:41","guid":{"rendered":"https:\/\/rueckenwindinwiesbaden.wordpress.com\/?page_id=17"},"modified":"2025-10-17T15:23:34","modified_gmt":"2025-10-17T13:23:34","slug":"fahrradwerkstatt","status":"publish","type":"page","link":"http:\/\/www.rueckenwind-in-wiesbaden.de\/index.php\/fahrradwerkstatt\/","title":{"rendered":"Offene Werkstatt"},"content":{"rendered":"<p><span style=\"font-size: 20px;\"><strong>Fahrradwerkstatt f\u00fcr alle, die Hilfe ben\u00f6tigen<\/strong><\/span><\/p>\n<hr \/>\n<p><span style=\"font-size: 15px;\">Jeden Freitagnachmittag ab 15 Uhr finden unsere offenen Werkstatttermine an unserem <a href=\"http:\/\/www.rueckenwind-in-wiesbaden.de\/index.php\/rueckenwind-im-kulturpark\/\">Container im Kulturpark<\/a> am Schlachthof in Wiesbaden statt. Gemeinsam und unter Anleitung von R\u00fcckenwind kann wer m\u00f6chte und Bedarf hat, Reparaturen am eigenen Rad durchf\u00fchren.<br \/>\n<\/span><\/p>\n<p><span style=\"font-size: 15px;\">Wenn du Lust hast, unser kleines Team von ehrenamtlichen Schrauber*innen zu unterst\u00fctzen, komm einfach vorbei und sprich uns an. Wir freuen uns \u00fcber jede*n, der gerne mitmachen m\u00f6chte.<br \/>\n<\/span><\/p>\n<hr \/>\n<p><span style=\"font-size: 15px;\">\u00a0<\/span><\/p>\n","protected":false},"excerpt":{"rendered":"<p>Fahrradwerkstatt f\u00fcr alle, die Hilfe ben\u00f6tigen Jeden Freitagnachmittag ab 15 Uhr finden unsere offenen Werkstatttermine an unserem Container im Kulturpark am Schlachthof in Wiesbaden statt. Gemeinsam und unter Anleitung von R\u00fcckenwind kann wer m\u00f6chte und Bedarf hat, Reparaturen am eigenen Rad durchf\u00fchren. Wenn du Lust hast, unser kleines Team von ehrenamtlichen Schrauber*innen zu unterst\u00fctzen, komm &hellip; <a href=\"http:\/\/www.rueckenwind-in-wiesbaden.de\/index.php\/fahrradwerkstatt\/\" class=\"more-link\"><span class=\"screen-reader-text\">Offene Werkstatt<\/span> weiterlesen<\/a><\/p>\n","protected":false},"author":1,"featured_media":0,"parent":0,"menu_order":0,"comment_status":"closed","ping_status":"closed","template":"","meta":[],"_links":{"self":[{"href":"http:\/\/www.rueckenwind-in-wiesbaden.de\/index.php\/wp-json\/wp\/v2\/pages\/17"}],"collection":[{"href":"http:\/\/www.rueckenwind-in-wiesbaden.de\/index.php\/wp-json\/wp\/v2\/pages"}],"about":[{"href":"http:\/\/www.rueckenwind-in-wiesbaden.de\/index.php\/wp-json\/wp\/v2\/types\/page"}],"author":[{"embeddable":true,"href":"http:\/\/www.rueckenwind-in-wiesbaden.de\/index.php\/wp-json\/wp\/v2\/users\/1"}],"replies":[{"embeddable":true,"href":"http:\/\/www.rueckenwind-in-wiesbaden.de\/index.php\/wp-json\/wp\/v2\/comments?post=17"}],"version-history":[{"count":34,"href":"http:\/\/www.rueckenwind-in-wiesbaden.de\/index.php\/wp-json\/wp\/v2\/pages\/17\/revisions"}],"predecessor-version":[{"id":1013,"href":"http:\/\/www.rueckenwind-in-wiesbaden.de\/index.php\/wp-json\/wp\/v2\/pages\/17\/revisions\/1013"}],"wp:attachment":[{"href":"http:\/\/www.rueckenwind-in-wiesbaden.de\/index.php\/wp-json\/wp\/v2\/media?parent=17"}],"curies":[{"name":"wp","href":"https:\/\/api.w.org\/{rel}","templated":true}]}}